{"id":2,"date":"2022-09-13T11:06:41","date_gmt":"2022-09-13T14:06:41","guid":{"rendered":"http:\/\/192.168.88.60:85\/?page_id=2"},"modified":"2026-03-09T08:05:13","modified_gmt":"2026-03-09T11:05:13","slug":"solicitar-turno-2","status":"publish","type":"page","link":"https:\/\/www.ensenada.gov.ar\/turnos\/solicitar-turno-2\/","title":{"rendered":""},"content":{"rendered":"\n<h1 class=\"wp-block-heading\"><strong>\u00a1Solicite su turno de castraci\u00f3n en el Centro Veterinario Municipal!<\/strong><\/h1>\n\n\n\n<h5 class=\"wp-block-heading\"><strong>\u00a1ATENCI\u00d3N! La TURNERA se activar\u00e1 siempre los \u00faltimos lunes de cada mes a las 7:00hrs para el mes siguiente.<\/strong><\/h5>\n\n\n<div class=\"wp-block-image\">\n<figure class=\"aligncenter size-large is-resized\"><img decoding=\"async\" src=\"https:\/\/www.ensenada.gov.ar\/turnos\/wp-content\/uploads\/2022\/10\/VACUNACION-ANTIRRABICA-Y-CASTRACION-WEB-752x440-1.png\" alt=\"\" style=\"width:444px;height:auto\"\/><\/figure>\n<\/div>\n\n\n<div class=\"wp-block-columns is-layout-flex wp-container-core-columns-is-layout-9d6595d7 wp-block-columns-is-layout-flex\" id=\"aaaaaa\">\n<div class=\"wp-block-column is-layout-flow wp-block-column-is-layout-flow\" style=\"flex-basis:100%\">\n<p><strong>Requisitos<\/strong><\/p>\n\n\n\n<div id=\"wp-block-themeisle-blocks-icon-list-39c1efeb\" class=\"wp-block-themeisle-blocks-icon-list\">\n<div id=\"wp-block-themeisle-blocks-icon-list-item-743a13d5\" class=\"wp-block-themeisle-blocks-icon-list-item\"><i class=\"fas fa-check wp-block-themeisle-blocks-icon-list-item-icon\"><\/i><p class=\"wp-block-themeisle-blocks-icon-list-item-content\">Ser mayor de 18 a\u00f1os y tener DNI que\u00a0<strong>acredite domicilio en Ensenada<\/strong>.<\/p><\/div>\n\n\n\n<div id=\"wp-block-themeisle-blocks-icon-list-item-1803793b\" class=\"wp-block-themeisle-blocks-icon-list-item\"><i class=\"fas fa-check wp-block-themeisle-blocks-icon-list-item-icon\"><\/i><p class=\"wp-block-themeisle-blocks-icon-list-item-content\">Certificado de Vacunaci\u00f3n Antirr\u00e1bica VIGENTE <strong>con un m\u00ednimo de 21 d\u00edas entre la vacuna y el turno<\/strong>.<\/p><\/div>\n<\/div>\n\n\n\n<p><strong>El animal<\/strong>:<\/p>\n\n\n\n<div id=\"wp-block-themeisle-blocks-icon-list-64405cda\" class=\"wp-block-themeisle-blocks-icon-list\">\n<div id=\"wp-block-themeisle-blocks-icon-list-item-5c9aa711\" class=\"wp-block-themeisle-blocks-icon-list-item\"><i class=\"fas fa-check wp-block-themeisle-blocks-icon-list-item-icon\"><\/i><p class=\"wp-block-themeisle-blocks-icon-list-item-content\">debe tener m\u00e1s de 6 meses (8 meses felinos machos) y menos de 7 a\u00f1os de edad.<\/p><\/div>\n\n\n\n<div id=\"wp-block-themeisle-blocks-icon-list-item-c89c9bdd\" class=\"wp-block-themeisle-blocks-icon-list-item\"><i class=\"fas fa-check wp-block-themeisle-blocks-icon-list-item-icon\"><\/i><p class=\"wp-block-themeisle-blocks-icon-list-item-content\">debe pesar m\u00ednimo 2 kg de peso.<\/p><\/div>\n\n\n\n<div id=\"wp-block-themeisle-blocks-icon-list-item-0ce016a1\" class=\"wp-block-themeisle-blocks-icon-list-item\"><i class=\"fas fa-check wp-block-themeisle-blocks-icon-list-item-icon\"><\/i><p class=\"wp-block-themeisle-blocks-icon-list-item-content\">la raza no debe ser braquic\u00e9fala \u2013<em>nariz chata-\u00a0<\/em>debido a la exigencia en la anestesia (ej.; Bulldog franc\u00e9s, Bulldog Ingl\u00e9s, Pug, Pekin\u00e9s, Boston Terrier, Boxer, Shih Tzu).<\/p><\/div>\n\n\n\n<div id=\"wp-block-themeisle-blocks-icon-list-item-53c0dcab\" class=\"wp-block-themeisle-blocks-icon-list-item\"><i class=\"fas fa-check wp-block-themeisle-blocks-icon-list-item-icon\"><\/i><p class=\"wp-block-themeisle-blocks-icon-list-item-content\"><strong>las hembras no deben estar pre\u00f1adas, en celo, ni amamantando<\/strong>\u00a0(desde la parici\u00f3n hasta la cirug\u00eda deben pasar 60 d\u00edas).<\/p><\/div>\n\n\n\n<div id=\"wp-block-themeisle-blocks-icon-list-item-a6d4389b\" class=\"wp-block-themeisle-blocks-icon-list-item\"><i class=\"fas fa-check wp-block-themeisle-blocks-icon-list-item-icon\"><\/i><p class=\"wp-block-themeisle-blocks-icon-list-item-content\"><strong>Hembras caninas s\u00f3lo podr\u00e1n sacar turno en el horario de 8:30.<\/strong><\/p><\/div>\n<\/div>\n<\/div>\n<\/div>\n\n\n\n<p><strong>*S\u00d3LO SE PUEDEN SACAR DOS TURNOS POR PERSONA\/DOMICILIO*<\/strong><\/p>\n\n\n\n<p><a href=\"https:\/\/www.ensenada.gov.ar\/turnos\/turnos-2\/\" data-type=\"page\" data-id=\"12\">Solicite su turno de castraci\u00f3n<\/a><\/p>\n","protected":false},"excerpt":{"rendered":"<p>\u00a1Solicite su turno de castraci\u00f3n en el Centro Veterinario Municipal! \u00a1ATENCI\u00d3N! La TURNERA se activar\u00e1 siempre los \u00faltimos lunes de cada mes a las 7:00hrs para el mes siguiente. Requisitos El animal: *S\u00d3LO SE PUEDEN SACAR DOS TURNOS POR PERSONA\/DOMICILIO* Solicite su turno de castraci\u00f3n<\/p>\n","protected":false},"author":1,"featured_media":0,"parent":0,"menu_order":0,"comment_status":"closed","ping_status":"closed","template":"","meta":{"_themeisle_gutenberg_block_has_review":false,"footnotes":""},"class_list":["post-2","page","type-page","status-publish","hentry"],"_links":{"self":[{"href":"https:\/\/www.ensenada.gov.ar\/turnos\/wp-json\/wp\/v2\/pages\/2","targetHints":{"allow":["GET"]}}],"collection":[{"href":"https:\/\/www.ensenada.gov.ar\/turnos\/wp-json\/wp\/v2\/pages"}],"about":[{"href":"https:\/\/www.ensenada.gov.ar\/turnos\/wp-json\/wp\/v2\/types\/page"}],"author":[{"embeddable":true,"href":"https:\/\/www.ensenada.gov.ar\/turnos\/wp-json\/wp\/v2\/users\/1"}],"replies":[{"embeddable":true,"href":"https:\/\/www.ensenada.gov.ar\/turnos\/wp-json\/wp\/v2\/comments?post=2"}],"version-history":[{"count":67,"href":"https:\/\/www.ensenada.gov.ar\/turnos\/wp-json\/wp\/v2\/pages\/2\/revisions"}],"predecessor-version":[{"id":909,"href":"https:\/\/www.ensenada.gov.ar\/turnos\/wp-json\/wp\/v2\/pages\/2\/revisions\/909"}],"wp:attachment":[{"href":"https:\/\/www.ensenada.gov.ar\/turnos\/wp-json\/wp\/v2\/media?parent=2"}],"curies":[{"name":"wp","href":"https:\/\/api.w.org\/{rel}","templated":true}]}}