{"id":462,"date":"2025-06-11T09:16:47","date_gmt":"2025-06-11T12:16:47","guid":{"rendered":"https:\/\/www.ensenada.gov.ar\/turnos\/?page_id=462"},"modified":"2025-06-25T13:56:30","modified_gmt":"2025-06-25T16:56:30","slug":"direccion-de-zoonosis-2","status":"publish","type":"page","link":"https:\/\/www.ensenada.gov.ar\/turnos\/","title":{"rendered":"Bienvenidos al Centro Veterinario Municipal"},"content":{"rendered":"\n<p><\/p>\n\n\n\n<p class=\"has-black-color has-text-color\">La Direcci\u00f3n de Veterinaria, Zoonosis y Bromatolog\u00eda pertenece a la Secretar\u00eda de Salud y Medio Ambiente de la Municipalidad de Ensenada.<br>La misma se divide en tres \u00e1reas:<\/p>\n\n\n\n<div class=\"wp-block-group alignwide main-service mx-0 mt-3\"><div class=\"wp-block-group__inner-container is-layout-flow wp-block-group-is-layout-flow\">\n<div class=\"wp-block-group alignwide\"><div class=\"wp-block-group__inner-container is-layout-constrained wp-block-group-is-layout-constrained\">\n<div class=\"wp-block-columns alignwide mx-md-0 mx-3 is-layout-flex wp-container-core-columns-is-layout-9d6595d7 wp-block-columns-is-layout-flex\">\n<div class=\"wp-block-column is-vertically-aligned-center service-box mb-4 is-layout-flow wp-block-column-is-layout-flow\"><div class=\"wp-block-image mb-2 is-style-default\">\n<figure class=\"aligncenter size-large is-resized\"><img loading=\"lazy\" decoding=\"async\" width=\"1024\" height=\"963\" src=\"https:\/\/www.ensenada.gov.ar\/turnos\/wp-content\/uploads\/2025\/06\/veterinaria-1024x963.png\" alt=\"\u00c1rea de Veterinaria\" class=\"wp-image-483\" style=\"aspect-ratio:1.0208333333333333;width:197px;height:auto\" srcset=\"https:\/\/www.ensenada.gov.ar\/turnos\/wp-content\/uploads\/2025\/06\/veterinaria-1024x963.png 1024w, https:\/\/www.ensenada.gov.ar\/turnos\/wp-content\/uploads\/2025\/06\/veterinaria-300x282.png 300w, https:\/\/www.ensenada.gov.ar\/turnos\/wp-content\/uploads\/2025\/06\/veterinaria-768x722.png 768w, https:\/\/www.ensenada.gov.ar\/turnos\/wp-content\/uploads\/2025\/06\/veterinaria-1536x1444.png 1536w, https:\/\/www.ensenada.gov.ar\/turnos\/wp-content\/uploads\/2025\/06\/veterinaria.png 1949w\" sizes=\"auto, (max-width: 1024px) 100vw, 1024px\" \/><\/figure>\n<\/div>\n\n\n<h3 class=\"wp-block-heading has-text-align-center mb-0 has-black-color has-text-color\" style=\"font-size:25px\">\u00c1rea Veterinaria<\/h3>\n\n\n\n<p class=\"has-text-align-center text-center mb-3 has-text-color has-small-font-size\" style=\"color:#9e9e9e\"><\/p>\n\n\n\n<div class=\"wp-block-buttons is-content-justification-center is-layout-flex wp-container-core-buttons-is-layout-16018d1d wp-block-buttons-is-layout-flex\">\n<div class=\"wp-block-button\"><a class=\"wp-block-button__link has-white-color has-text-color has-background wp-element-button\" href=\"https:\/\/www.ensenada.gov.ar\/turnos\/?page_id=496\" style=\"border-radius:0px;background-color:#007c00\">M\u00e1s Info<\/a><\/div>\n<\/div>\n<\/div>\n\n\n\n<div class=\"wp-block-column is-vertically-aligned-center service-box mb-4 is-layout-flow wp-block-column-is-layout-flow\"><div class=\"wp-block-image mb-2\">\n<figure class=\"aligncenter size-full is-resized\"><img loading=\"lazy\" decoding=\"async\" width=\"1949\" height=\"1832\" src=\"https:\/\/www.ensenada.gov.ar\/turnos\/wp-content\/uploads\/2025\/06\/zoonosis.png\" alt=\"\u00c1rea de Zoonosis\" class=\"wp-image-484\" style=\"aspect-ratio:1.0208333333333333;width:204px;height:auto\" srcset=\"https:\/\/www.ensenada.gov.ar\/turnos\/wp-content\/uploads\/2025\/06\/zoonosis.png 1949w, https:\/\/www.ensenada.gov.ar\/turnos\/wp-content\/uploads\/2025\/06\/zoonosis-300x282.png 300w, https:\/\/www.ensenada.gov.ar\/turnos\/wp-content\/uploads\/2025\/06\/zoonosis-1024x963.png 1024w, https:\/\/www.ensenada.gov.ar\/turnos\/wp-content\/uploads\/2025\/06\/zoonosis-768x722.png 768w, https:\/\/www.ensenada.gov.ar\/turnos\/wp-content\/uploads\/2025\/06\/zoonosis-1536x1444.png 1536w\" sizes=\"auto, (max-width: 1949px) 100vw, 1949px\" \/><\/figure>\n<\/div>\n\n\n<h3 class=\"wp-block-heading has-text-align-center mb-0 has-black-color has-text-color\" style=\"font-size:25px\">\u00c1rea Zoonosis<\/h3>\n\n\n\n<p class=\"has-text-align-center text-center mb-3 has-text-color has-small-font-size\" style=\"color:#9e9e9e\"><\/p>\n\n\n\n<div class=\"wp-block-buttons is-content-justification-center is-layout-flex wp-container-core-buttons-is-layout-16018d1d wp-block-buttons-is-layout-flex\">\n<div class=\"wp-block-button\"><a class=\"wp-block-button__link has-white-color has-text-color has-background wp-element-button\" href=\"https:\/\/www.ensenada.gov.ar\/turnos\/?page_id=646\" style=\"border-radius:0px;background-color:#007c00\">M\u00e1s Info<\/a><\/div>\n<\/div>\n<\/div>\n\n\n\n<div class=\"wp-block-column is-vertically-aligned-center service-box mb-4 is-layout-flow wp-block-column-is-layout-flow\"><div class=\"wp-block-image mb-2 is-style-default\">\n<figure class=\"aligncenter size-full is-resized\"><img loading=\"lazy\" decoding=\"async\" width=\"1949\" height=\"1832\" src=\"https:\/\/www.ensenada.gov.ar\/turnos\/wp-content\/uploads\/2025\/06\/bromatologia-2.png\" alt=\"\u00c1rea de Bromatolog\u00eda\" class=\"wp-image-487\" style=\"aspect-ratio:1.0208333333333333;width:185px;height:auto\" srcset=\"https:\/\/www.ensenada.gov.ar\/turnos\/wp-content\/uploads\/2025\/06\/bromatologia-2.png 1949w, https:\/\/www.ensenada.gov.ar\/turnos\/wp-content\/uploads\/2025\/06\/bromatologia-2-300x282.png 300w, https:\/\/www.ensenada.gov.ar\/turnos\/wp-content\/uploads\/2025\/06\/bromatologia-2-1024x963.png 1024w, https:\/\/www.ensenada.gov.ar\/turnos\/wp-content\/uploads\/2025\/06\/bromatologia-2-768x722.png 768w, https:\/\/www.ensenada.gov.ar\/turnos\/wp-content\/uploads\/2025\/06\/bromatologia-2-1536x1444.png 1536w\" sizes=\"auto, (max-width: 1949px) 100vw, 1949px\" \/><\/figure>\n<\/div>\n\n\n<h3 class=\"wp-block-heading has-text-align-center mb-0 has-black-color has-text-color\" style=\"font-size:25px\">\u00c1rea Bromatolog\u00eda<\/h3>\n\n\n\n<p class=\"has-text-align-center text-center mb-3 has-text-color has-small-font-size\" style=\"color:#9e9e9e\"><\/p>\n\n\n\n<div class=\"wp-block-buttons is-content-justification-center is-layout-flex wp-container-core-buttons-is-layout-16018d1d wp-block-buttons-is-layout-flex\">\n<div class=\"wp-block-button\"><a class=\"wp-block-button__link has-white-color has-text-color has-background wp-element-button\" href=\"https:\/\/www.ensenada.gov.ar\/turnos\/?page_id=694\" style=\"border-radius:0px;background-color:#007c00\">M\u00e1s Info<\/a><\/div>\n<\/div>\n<\/div>\n<\/div>\n<\/div><\/div>\n<\/div><\/div>\n\n\n\n<hr class=\"wp-block-separator has-alpha-channel-opacity\"\/>\n\n\n<div class=\"wp-block-image is-style-default\">\n<figure class=\"aligncenter size-large\"><img loading=\"lazy\" decoding=\"async\" width=\"1024\" height=\"693\" src=\"https:\/\/www.ensenada.gov.ar\/turnos\/wp-content\/uploads\/2022\/12\/IMG_8812-1024x693.png\" alt=\"\" class=\"wp-image-355\" srcset=\"https:\/\/www.ensenada.gov.ar\/turnos\/wp-content\/uploads\/2022\/12\/IMG_8812-1024x693.png 1024w, https:\/\/www.ensenada.gov.ar\/turnos\/wp-content\/uploads\/2022\/12\/IMG_8812-300x203.png 300w, https:\/\/www.ensenada.gov.ar\/turnos\/wp-content\/uploads\/2022\/12\/IMG_8812-768x520.png 768w, https:\/\/www.ensenada.gov.ar\/turnos\/wp-content\/uploads\/2022\/12\/IMG_8812-1536x1039.png 1536w, https:\/\/www.ensenada.gov.ar\/turnos\/wp-content\/uploads\/2022\/12\/IMG_8812-2048x1386.png 2048w\" sizes=\"auto, (max-width: 1024px) 100vw, 1024px\" \/><figcaption class=\"wp-element-caption\">Este mi\u00e9rcoles 19 de octubre celebramos Nuestro Primer Aniversario<\/figcaption><\/figure>\n<\/div>\n\n\n<hr class=\"wp-block-separator has-alpha-channel-opacity\"\/>\n\n\n\n<iframe src=\"https:\/\/www.google.com\/maps\/embed?pb=!1m18!1m12!1m3!1d3273.641687953954!2d-57.9245069848338!3d-34.86522957888873!2m3!1f0!2f0!3f0!3m2!1i1024!2i768!4f13.1!3m3!1m2!1s0x95a2e73602301e07%3A0x609e3a836155b96b!2sCentro%20Veterinario%20Municipal%20Ensenada!5e0!3m2!1ses!2sar!4v1665772200092!5m2!1ses!2sar\" style=\"border:0;height:200px; box-shadow: 1em 0.5em 0.5em #e6e6e6; border-radius: 1em;\" allowfullscreen=\"\" loading=\"lazy\" referrerpolicy=\"no-referrer-when-downgrade\"><\/iframe>\n","protected":false},"excerpt":{"rendered":"<p>La Direcci\u00f3n de Veterinaria, Zoonosis y Bromatolog\u00eda pertenece a la Secretar\u00eda de Salud y Medio Ambiente de la Municipalidad de Ensenada.La misma se divide en tres \u00e1reas: \u00c1rea Veterinaria \u00c1rea Zoonosis \u00c1rea Bromatolog\u00eda<\/p>\n","protected":false},"author":1,"featured_media":0,"parent":0,"menu_order":0,"comment_status":"closed","ping_status":"closed","template":"","meta":{"_themeisle_gutenberg_block_has_review":false,"footnotes":""},"class_list":["post-462","page","type-page","status-publish","hentry"],"_links":{"self":[{"href":"https:\/\/www.ensenada.gov.ar\/turnos\/wp-json\/wp\/v2\/pages\/462","targetHints":{"allow":["GET"]}}],"collection":[{"href":"https:\/\/www.ensenada.gov.ar\/turnos\/wp-json\/wp\/v2\/pages"}],"about":[{"href":"https:\/\/www.ensenada.gov.ar\/turnos\/wp-json\/wp\/v2\/types\/page"}],"author":[{"embeddable":true,"href":"https:\/\/www.ensenada.gov.ar\/turnos\/wp-json\/wp\/v2\/users\/1"}],"replies":[{"embeddable":true,"href":"https:\/\/www.ensenada.gov.ar\/turnos\/wp-json\/wp\/v2\/comments?post=462"}],"version-history":[{"count":9,"href":"https:\/\/www.ensenada.gov.ar\/turnos\/wp-json\/wp\/v2\/pages\/462\/revisions"}],"predecessor-version":[{"id":803,"href":"https:\/\/www.ensenada.gov.ar\/turnos\/wp-json\/wp\/v2\/pages\/462\/revisions\/803"}],"wp:attachment":[{"href":"https:\/\/www.ensenada.gov.ar\/turnos\/wp-json\/wp\/v2\/media?parent=462"}],"curies":[{"name":"wp","href":"https:\/\/api.w.org\/{rel}","templated":true}]}}