{"id":79,"date":"2022-10-14T10:07:58","date_gmt":"2022-10-14T13:07:58","guid":{"rendered":"http:\/\/192.168.88.98\/veterinaria_debian\/?page_id=79"},"modified":"2025-06-23T12:05:55","modified_gmt":"2025-06-23T15:05:55","slug":"donde-estamos-2","status":"publish","type":"page","link":"https:\/\/www.ensenada.gov.ar\/turnos\/donde-estamos-2\/","title":{"rendered":"Donde Estamos"},"content":{"rendered":"\n<div class=\"wp-block-columns ticss-550e2e32 is-layout-flex wp-container-core-columns-is-layout-9d6595d7 wp-block-columns-is-layout-flex\">\n<div class=\"wp-block-column is-layout-flow wp-block-column-is-layout-flow\" style=\"flex-basis:33.33%\">\n<iframe src=\"https:\/\/www.google.com\/maps\/embed?pb=!1m14!1m8!1m3!1d13094.56604785145!2d-57.9223183!3d-34.865234!3m2!1i1024!2i768!4f13.1!3m3!1m2!1s0x0%3A0x609e3a836155b96b!2sCentro%20Veterinario%20Municipal%20Ensenada!5e0!3m2!1ses!2sar!4v1665752565640!5m2!1ses!2sar\" style=\"border:0;height:300px;width: 400px;\" allowfullscreen=\"\" loading=\"lazy\" referrerpolicy=\"no-referrer-when-downgrade\"><\/iframe>\n<\/div>\n\n\n\n<div class=\"wp-block-column is-layout-flow wp-block-column-is-layout-flow\" style=\"flex-basis:66.66%\">\n<p class=\"has-text-align-right\">El Centro Veterinario Municipal se encuentra ubicado sobre el Camino N\u00e9stor Kirchner entre Camino Rivadavia y Ex Combatientes de Malvinas &#8211; Ensenada, Provincia de Buenos Aires<\/p>\n<\/div>\n<\/div>\n\n\n<figure class=\"wp-block-image size-full is-resized\">\n<p>La atenci\u00f3n al p\u00fablico es de Lunes a Viernes de 7 a 14:00hrs, con horario reducido en algunas actividades.<\/p>\n<p>Comun\u00edcate con la Direcci\u00f3n de Veterinaria, Zoonosis y Bromatolog\u00eda del Municipio de Ensenada a trav\u00e9s de los siguientes canales:<\/p>\n<\/figure>\n<ul>\n<li>correo electr\u00f3nico a <a href=\"mailto:ensenadadccionveterinariazoono@gmail.com\" target=\"new\" rel=\"noopener\">ensenadadccionveterinariazoono@gmail.com<\/a><\/li>\n<li class=\"wp-block-image size-full is-resized\">tel\u00e9fono (0221) 460-2074<\/li>\n<li class=\"wp-block-image size-full is-resized\">whatsapp al <a href=\"https:\/\/wa.me\/5492215991678\/?text=Hola! Te escribo desde la web para realizar una consulta!\" target=\"_blank\" rel=\"noopener\" data-wplink-url-error=\"true\">221-5991678<\/a> <a href=\"https:\/\/wa.me\/5492215991678\/?text=Hola! Te escribo desde la web para realizar una consulta!\" target=\"_blank\" rel=\"noopener\" data-wplink-url-error=\"true\"><img loading=\"lazy\" decoding=\"async\" class=\"alignnone wp-image-248\" src=\"https:\/\/www.ensenada.gov.ar\/turnos\/wp-content\/uploads\/2022\/10\/logo-whatsapp.png\" alt=\"\" width=\"38\" height=\"38\" \/><\/a><\/li>\n<\/ul>\n\n\n<figure class=\"wp-block-gallery has-nested-images columns-default is-cropped wp-block-gallery-1 is-layout-flex wp-block-gallery-is-layout-flex\">\n<figure class=\"wp-block-image size-large\"><img loading=\"lazy\" decoding=\"async\" width=\"1024\" height=\"576\" data-id=\"139\" src=\"https:\/\/www.ensenada.gov.ar\/turnos\/wp-content\/uploads\/2022\/10\/veterinaria5-1024x576.jpg\" alt=\"\" class=\"wp-image-139\" srcset=\"https:\/\/www.ensenada.gov.ar\/turnos\/wp-content\/uploads\/2022\/10\/veterinaria5-1024x576.jpg 1024w, https:\/\/www.ensenada.gov.ar\/turnos\/wp-content\/uploads\/2022\/10\/veterinaria5-300x169.jpg 300w, https:\/\/www.ensenada.gov.ar\/turnos\/wp-content\/uploads\/2022\/10\/veterinaria5-768x432.jpg 768w, https:\/\/www.ensenada.gov.ar\/turnos\/wp-content\/uploads\/2022\/10\/veterinaria5.jpg 1280w\" sizes=\"auto, (max-width: 1024px) 100vw, 1024px\" \/><\/figure>\n\n\n\n<figure class=\"wp-block-image size-large\"><img decoding=\"async\" src=\"https:\/\/www.ensenada.gov.ar\/turnos\/wp-content\/uploads\/2022\/10\/veterinara2.jpg\" alt=\"\"\/><\/figure>\n\n\n\n<figure class=\"wp-block-image size-full\"><img loading=\"lazy\" decoding=\"async\" width=\"887\" height=\"592\" data-id=\"334\" src=\"https:\/\/www.ensenada.gov.ar\/turnos\/wp-content\/uploads\/2022\/11\/veterinara3.png\" alt=\"\" class=\"wp-image-334\" srcset=\"https:\/\/www.ensenada.gov.ar\/turnos\/wp-content\/uploads\/2022\/11\/veterinara3.png 887w, https:\/\/www.ensenada.gov.ar\/turnos\/wp-content\/uploads\/2022\/11\/veterinara3-300x200.png 300w, https:\/\/www.ensenada.gov.ar\/turnos\/wp-content\/uploads\/2022\/11\/veterinara3-768x513.png 768w\" sizes=\"auto, (max-width: 887px) 100vw, 887px\" \/><\/figure>\n\n\n\n<figure class=\"wp-block-image size-large\"><img loading=\"lazy\" decoding=\"async\" width=\"1024\" height=\"683\" data-id=\"140\" src=\"https:\/\/www.ensenada.gov.ar\/turnos\/wp-content\/uploads\/2022\/10\/veterinara1-1024x683.jpg\" alt=\"\" class=\"wp-image-140\" srcset=\"https:\/\/www.ensenada.gov.ar\/turnos\/wp-content\/uploads\/2022\/10\/veterinara1-1024x683.jpg 1024w, https:\/\/www.ensenada.gov.ar\/turnos\/wp-content\/uploads\/2022\/10\/veterinara1-300x200.jpg 300w, https:\/\/www.ensenada.gov.ar\/turnos\/wp-content\/uploads\/2022\/10\/veterinara1-768x512.jpg 768w, https:\/\/www.ensenada.gov.ar\/turnos\/wp-content\/uploads\/2022\/10\/veterinara1-1536x1024.jpg 1536w, https:\/\/www.ensenada.gov.ar\/turnos\/wp-content\/uploads\/2022\/10\/veterinara1.jpg 1750w\" sizes=\"auto, (max-width: 1024px) 100vw, 1024px\" \/><\/figure>\n<\/figure>\n","protected":false},"excerpt":{"rendered":"<p>El Centro Veterinario Municipal se encuentra ubicado sobre el Camino N\u00e9stor Kirchner entre Camino Rivadavia y Ex Combatientes de Malvinas &#8211; Ensenada, Provincia de Buenos Aires La atenci\u00f3n al p\u00fablico es de Lunes a Viernes de 7 a 14:00hrs, con horario reducido en algunas actividades. Comun\u00edcate con la Direcci\u00f3n de Veterinaria, Zoonosis y Bromatolog\u00eda del [&hellip;]<\/p>\n","protected":false},"author":1,"featured_media":0,"parent":0,"menu_order":0,"comment_status":"closed","ping_status":"closed","template":"","meta":{"_themeisle_gutenberg_block_has_review":false,"footnotes":""},"class_list":["post-79","page","type-page","status-publish","hentry"],"_links":{"self":[{"href":"https:\/\/www.ensenada.gov.ar\/turnos\/wp-json\/wp\/v2\/pages\/79","targetHints":{"allow":["GET"]}}],"collection":[{"href":"https:\/\/www.ensenada.gov.ar\/turnos\/wp-json\/wp\/v2\/pages"}],"about":[{"href":"https:\/\/www.ensenada.gov.ar\/turnos\/wp-json\/wp\/v2\/types\/page"}],"author":[{"embeddable":true,"href":"https:\/\/www.ensenada.gov.ar\/turnos\/wp-json\/wp\/v2\/users\/1"}],"replies":[{"embeddable":true,"href":"https:\/\/www.ensenada.gov.ar\/turnos\/wp-json\/wp\/v2\/comments?post=79"}],"version-history":[{"count":53,"href":"https:\/\/www.ensenada.gov.ar\/turnos\/wp-json\/wp\/v2\/pages\/79\/revisions"}],"predecessor-version":[{"id":777,"href":"https:\/\/www.ensenada.gov.ar\/turnos\/wp-json\/wp\/v2\/pages\/79\/revisions\/777"}],"wp:attachment":[{"href":"https:\/\/www.ensenada.gov.ar\/turnos\/wp-json\/wp\/v2\/media?parent=79"}],"curies":[{"name":"wp","href":"https:\/\/api.w.org\/{rel}","templated":true}]}}