{"id":85,"date":"2022-10-14T10:14:21","date_gmt":"2022-10-14T13:14:21","guid":{"rendered":"http:\/\/192.168.88.98\/veterinaria_debian\/?page_id=85"},"modified":"2025-06-23T12:38:24","modified_gmt":"2025-06-23T15:38:24","slug":"recomendaciones","status":"publish","type":"page","link":"https:\/\/www.ensenada.gov.ar\/turnos\/recomendaciones\/","title":{"rendered":"Cuidados de Mascotas"},"content":{"rendered":"\n<h3 class=\"wp-block-heading\">Beneficios de Castrar\/Esterilizar<\/h3>\n\n\n\n<p>Castrar consiste en extirpar los \u00f3rganos reproductivos en los animales machos y las hembras.<\/p>\n\n\n\n<p>Estas cirug\u00edas son recomendables por varias razones:<\/p>\n\n\n\n<ul class=\"wp-block-list\">\n<li>Evitan enfermedades.<\/li>\n\n\n\n<li>Disminuyen la agresividad entre la misma especie.<\/li>\n\n\n\n<li>Desalientan la costumbre de marcar territorio.<\/li>\n\n\n\n<li>Reducen la cantidad de animales sin hogar.<\/li>\n\n\n\n<li>Bajan el riesgo de accidentes causados por deambular.<\/li>\n\n\n\n<li>Ayudan a impedir la superpoblaci\u00f3n en la v\u00eda p\u00fablica.<\/li>\n<\/ul>\n\n\n\n<h3 class=\"wp-block-heading has-text-align-right\">Atend\u00e9 siempre a tu mascota<\/h3>\n\n\n\n<div class=\"wp-block-media-text is-stacked-on-mobile\"><figure class=\"wp-block-media-text__media\"><img loading=\"lazy\" decoding=\"async\" width=\"1024\" height=\"321\" src=\"https:\/\/www.ensenada.gov.ar\/turnos\/wp-content\/uploads\/2022\/10\/personas_pets-1024x321.webp\" alt=\"\" class=\"wp-image-235 size-full\" srcset=\"https:\/\/www.ensenada.gov.ar\/turnos\/wp-content\/uploads\/2022\/10\/personas_pets-1024x321.webp 1024w, https:\/\/www.ensenada.gov.ar\/turnos\/wp-content\/uploads\/2022\/10\/personas_pets-300x94.webp 300w, https:\/\/www.ensenada.gov.ar\/turnos\/wp-content\/uploads\/2022\/10\/personas_pets-768x241.webp 768w, https:\/\/www.ensenada.gov.ar\/turnos\/wp-content\/uploads\/2022\/10\/personas_pets.webp 1380w\" sizes=\"auto, (max-width: 1024px) 100vw, 1024px\" \/><\/figure><div class=\"wp-block-media-text__content\">\n<ul class=\"wp-block-list\">\n<li>Castrala\/esterilizala, desparasitala y vacunala.<\/li>\n\n\n\n<li>Brindale un espacio limpio, c\u00f3modo y seguro.<\/li>\n\n\n\n<li>Asegurale comida adecuada y agua limpia.<\/li>\n\n\n\n<li>Llevala peri\u00f3dicamente al veterinario.<\/li>\n\n\n\n<li>Paseala con correa para evitar huidas, accidentes o molestias a terceros.<\/li>\n\n\n\n<li>Dale Afecto, educala y acostumbrala al entorno familiar.<\/li>\n\n\n\n<li>Recog\u00e9 sus desechos de la v\u00eda p\u00fablica.<\/li>\n<\/ul>\n<\/div><\/div>\n","protected":false},"excerpt":{"rendered":"<p>Beneficios de Castrar\/Esterilizar Castrar consiste en extirpar los \u00f3rganos reproductivos en los animales machos y las hembras. Estas cirug\u00edas son recomendables por varias razones: Atend\u00e9 siempre a tu mascota<\/p>\n","protected":false},"author":1,"featured_media":0,"parent":0,"menu_order":0,"comment_status":"closed","ping_status":"closed","template":"","meta":{"_themeisle_gutenberg_block_has_review":false,"footnotes":""},"class_list":["post-85","page","type-page","status-publish","hentry"],"_links":{"self":[{"href":"https:\/\/www.ensenada.gov.ar\/turnos\/wp-json\/wp\/v2\/pages\/85","targetHints":{"allow":["GET"]}}],"collection":[{"href":"https:\/\/www.ensenada.gov.ar\/turnos\/wp-json\/wp\/v2\/pages"}],"about":[{"href":"https:\/\/www.ensenada.gov.ar\/turnos\/wp-json\/wp\/v2\/types\/page"}],"author":[{"embeddable":true,"href":"https:\/\/www.ensenada.gov.ar\/turnos\/wp-json\/wp\/v2\/users\/1"}],"replies":[{"embeddable":true,"href":"https:\/\/www.ensenada.gov.ar\/turnos\/wp-json\/wp\/v2\/comments?post=85"}],"version-history":[{"count":20,"href":"https:\/\/www.ensenada.gov.ar\/turnos\/wp-json\/wp\/v2\/pages\/85\/revisions"}],"predecessor-version":[{"id":781,"href":"https:\/\/www.ensenada.gov.ar\/turnos\/wp-json\/wp\/v2\/pages\/85\/revisions\/781"}],"wp:attachment":[{"href":"https:\/\/www.ensenada.gov.ar\/turnos\/wp-json\/wp\/v2\/media?parent=85"}],"curies":[{"name":"wp","href":"https:\/\/api.w.org\/{rel}","templated":true}]}}